{"id":42,"date":"2020-08-20T17:50:18","date_gmt":"2020-08-20T17:50:18","guid":{"rendered":"https:\/\/gparrots.com\/?page_id=42"},"modified":"2025-09-11T16:12:51","modified_gmt":"2025-09-11T20:12:51","slug":"nosotros","status":"publish","type":"page","link":"https:\/\/gparrots.com\/en\/nosotros\/","title":{"rendered":"About Us"},"content":{"rendered":"<p><div class=\"fusion-fullwidth fullwidth-box fusion-builder-row-1 fusion-flex-container has-pattern-background has-mask-background nonhundred-percent-fullwidth non-hundred-percent-height-scrolling\" style=\"--awb-border-radius-top-left:0px;--awb-border-radius-top-right:0px;--awb-border-radius-bottom-right:0px;--awb-border-radius-bottom-left:0px;--awb-padding-top:100px;--awb-padding-bottom:100px;--awb-flex-wrap:wrap;\" ><div class=\"fusion-builder-row fusion-row fusion-flex-align-items-flex-start fusion-flex-content-wrap\" style=\"max-width:calc( 1240px + );margin-left: calc(- \/ 2 );margin-right: calc(- \/ 2 );\"><div class=\"fusion-layout-column fusion_builder_column fusion-builder-column-0 fusion_builder_column_1_2 1_2 fusion-flex-column fusion-flex-align-self-center\" style=\"--awb-bg-size:cover;--awb-width-large:50%;--awb-margin-top-large:0px;--awb-margin-bottom-large:0px;--awb-width-medium:50%;--awb-order-medium:0;--awb-width-small:100%;--awb-order-small:0;\" data-scroll-devices=\"small-visibility,medium-visibility,large-visibility\"><div class=\"fusion-column-wrapper fusion-column-has-shadow fusion-flex-justify-content-flex-start fusion-content-layout-column\"><div class=\"fusion-title title fusion-title-1 fusion-sep-none fusion-title-text fusion-title-size-one\" style=\"--awb-font-size:48px;\"><h1 class=\"fusion-title-heading title-heading-left\" style=\"font-family:&quot;Instrument Sans&quot;;font-style:normal;font-weight:700;margin:0;font-size:1em;\">About us<\/h1><\/div><div class=\"fusion-text fusion-text-1\"><p>Gray Parrots is a comprehensive technology company belonging to the Dal\u00ed Group, specialized in providing IT infrastructure, telecommunications, technical support, security, and intelligent automation solutions for growing companies seeking to operate with efficiency, security, and a vision for the future.<\/p>\n<\/div><\/div><\/div><div class=\"fusion-layout-column fusion_builder_column fusion-builder-column-1 fusion_builder_column_1_2 1_2 fusion-flex-column\" style=\"--awb-bg-size:cover;--awb-width-large:50%;--awb-margin-top-large:0px;--awb-margin-bottom-large:0px;--awb-width-medium:50%;--awb-order-medium:0;--awb-width-small:100%;--awb-order-small:0;\" data-scroll-devices=\"small-visibility,medium-visibility,large-visibility\"><div class=\"fusion-column-wrapper fusion-column-has-shadow fusion-flex-justify-content-flex-start fusion-content-layout-column\"><div class=\"fusion-image-element\" style=\"--awb-caption-title-font-family:var(--h2_typography-font-family);--awb-caption-title-font-weight:var(--h2_typography-font-weight);--awb-caption-title-font-style:var(--h2_typography-font-style);--awb-caption-title-size:var(--h2_typography-font-size);--awb-caption-title-transform:var(--h2_typography-text-transform);--awb-caption-title-line-height:var(--h2_typography-line-height);--awb-caption-title-letter-spacing:var(--h2_typography-letter-spacing);\"><span class=\"fusion-imageframe imageframe-none imageframe-1 hover-type-none\" style=\"border-radius:12px;\"><img decoding=\"async\" width=\"1152\" height=\"691\" title=\"who-we-are\" src=\"https:\/\/gparrots.com\/wp-content\/uploads\/2025\/09\/quienes-somos.webp\" data-orig-src=\"http:\/\/gparrots.com\/wp-content\/uploads\/2025\/09\/quienes-somos.webp\" alt class=\"lazyload img-responsive wp-image-5184\" srcset=\"data:image\/svg+xml,%3Csvg%20xmlns%3D%27http%3A%2F%2Fwww.w3.org%2F2000%2Fsvg%27%20width%3D%271152%27%20height%3D%27691%27%20viewBox%3D%270%200%201152%20691%27%3E%3Crect%20width%3D%271152%27%20height%3D%27691%27%20fill-opacity%3D%220%22%2F%3E%3C%2Fsvg%3E\" data-srcset=\"https:\/\/gparrots.com\/wp-content\/uploads\/2025\/09\/quienes-somos-18x12.webp 18w, https:\/\/gparrots.com\/wp-content\/uploads\/2025\/09\/quienes-somos-200x120.webp 200w, https:\/\/gparrots.com\/wp-content\/uploads\/2025\/09\/quienes-somos-400x240.webp 400w, https:\/\/gparrots.com\/wp-content\/uploads\/2025\/09\/quienes-somos-600x360.webp 600w, https:\/\/gparrots.com\/wp-content\/uploads\/2025\/09\/quienes-somos-768x461.webp 768w, https:\/\/gparrots.com\/wp-content\/uploads\/2025\/09\/quienes-somos-800x480.webp 800w, https:\/\/gparrots.com\/wp-content\/uploads\/2025\/09\/quienes-somos.webp 1152w\" data-sizes=\"auto\" data-orig-sizes=\"(max-width: 640px) 100vw, 800px\" \/><\/span><\/div><\/div><\/div><\/div><\/div><div class=\"fusion-fullwidth fullwidth-box fusion-builder-row-2 fusion-flex-container has-pattern-background has-mask-background nonhundred-percent-fullwidth non-hundred-percent-height-scrolling\" style=\"--awb-border-radius-top-left:0px;--awb-border-radius-top-right:0px;--awb-border-radius-bottom-right:0px;--awb-border-radius-bottom-left:0px;--awb-padding-top:40px;--awb-padding-bottom:20px;--awb-background-image:linear-gradient(180deg, #5895e4 60%,#ffffff 60%);--awb-flex-wrap:wrap;\" ><div class=\"fusion-builder-row fusion-row fusion-flex-align-items-stretch fusion-flex-content-wrap\" style=\"max-width:calc( 1240px + );margin-left: calc(- \/ 2 );margin-right: calc(- \/ 2 );\"><div class=\"fusion-layout-column fusion_builder_column fusion-builder-column-2 fusion_builder_column_1_2 1_2 fusion-flex-column\" style=\"--awb-bg-size:cover;--awb-width-large:50%;--awb-margin-top-large:0px;--awb-spacing-right-large:10px;--awb-margin-bottom-large:0px;--awb-spacing-left-large:10px;--awb-width-medium:50%;--awb-order-medium:0;--awb-spacing-right-medium:10px;--awb-spacing-left-medium:10px;--awb-width-small:100%;--awb-order-small:0;--awb-margin-top-small:0px;\"><div class=\"fusion-column-wrapper fusion-column-has-shadow fusion-flex-justify-content-flex-start fusion-content-layout-column\"><div class=\"fusion-image-element\" style=\"--awb-caption-title-font-family:var(--h2_typography-font-family);--awb-caption-title-font-weight:var(--h2_typography-font-weight);--awb-caption-title-font-style:var(--h2_typography-font-style);--awb-caption-title-size:var(--h2_typography-font-size);--awb-caption-title-transform:var(--h2_typography-text-transform);--awb-caption-title-line-height:var(--h2_typography-line-height);--awb-caption-title-letter-spacing:var(--h2_typography-letter-spacing);\"><span class=\"fusion-imageframe imageframe-none imageframe-2 hover-type-none\" style=\"border-radius:12px;\"><img decoding=\"async\" width=\"1270\" height=\"1270\" title=\"3r3d333\" src=\"https:\/\/gparrots.com\/wp-content\/uploads\/2025\/09\/3r3d333.webp\" data-orig-src=\"http:\/\/gparrots.com\/wp-content\/uploads\/2025\/09\/3r3d333.webp\" alt class=\"lazyload img-responsive wp-image-5406\" srcset=\"data:image\/svg+xml,%3Csvg%20xmlns%3D%27http%3A%2F%2Fwww.w3.org%2F2000%2Fsvg%27%20width%3D%271270%27%20height%3D%271270%27%20viewBox%3D%270%200%201270%201270%27%3E%3Crect%20width%3D%271270%27%20height%3D%271270%27%20fill-opacity%3D%220%22%2F%3E%3C%2Fsvg%3E\" data-srcset=\"https:\/\/gparrots.com\/wp-content\/uploads\/2025\/09\/3r3d333-12x12.webp 12w, https:\/\/gparrots.com\/wp-content\/uploads\/2025\/09\/3r3d333-66x66.webp 66w, https:\/\/gparrots.com\/wp-content\/uploads\/2025\/09\/3r3d333-200x200.webp 200w, https:\/\/gparrots.com\/wp-content\/uploads\/2025\/09\/3r3d333-400x400.webp 400w, https:\/\/gparrots.com\/wp-content\/uploads\/2025\/09\/3r3d333-600x600.webp 600w, https:\/\/gparrots.com\/wp-content\/uploads\/2025\/09\/3r3d333-768x768.webp 768w, https:\/\/gparrots.com\/wp-content\/uploads\/2025\/09\/3r3d333-800x800.webp 800w, https:\/\/gparrots.com\/wp-content\/uploads\/2025\/09\/3r3d333-1200x1200.webp 1200w, https:\/\/gparrots.com\/wp-content\/uploads\/2025\/09\/3r3d333.webp 1270w\" data-sizes=\"auto\" data-orig-sizes=\"(max-width: 640px) 100vw, 800px\" \/><\/span><\/div><\/div><\/div><div class=\"fusion-layout-column fusion_builder_column fusion-builder-column-3 fusion_builder_column_1_4 1_4 fusion-flex-column\" style=\"--awb-bg-size:cover;--awb-width-large:25%;--awb-margin-top-large:0px;--awb-spacing-right-large:10px;--awb-margin-bottom-large:0px;--awb-width-medium:25%;--awb-order-medium:0;--awb-spacing-right-medium:10px;--awb-width-small:50%;--awb-order-small:1;--awb-spacing-right-small:10px;\"><div class=\"fusion-column-wrapper fusion-column-has-shadow fusion-flex-justify-content-center fusion-content-layout-column\"><div class=\"fusion-image-element\" style=\"--awb-caption-title-font-family:var(--h2_typography-font-family);--awb-caption-title-font-weight:var(--h2_typography-font-weight);--awb-caption-title-font-style:var(--h2_typography-font-style);--awb-caption-title-size:var(--h2_typography-font-size);--awb-caption-title-transform:var(--h2_typography-text-transform);--awb-caption-title-line-height:var(--h2_typography-line-height);--awb-caption-title-letter-spacing:var(--h2_typography-letter-spacing);\"><span class=\"fusion-imageframe imageframe-none imageframe-3 hover-type-none\" style=\"border-radius:12px;\"><img decoding=\"async\" width=\"1270\" height=\"1270\" title=\"34edd\" src=\"https:\/\/gparrots.com\/wp-content\/uploads\/2025\/09\/34edd.webp\" data-orig-src=\"http:\/\/gparrots.com\/wp-content\/uploads\/2025\/09\/34edd.webp\" alt class=\"lazyload img-responsive wp-image-5403\" srcset=\"data:image\/svg+xml,%3Csvg%20xmlns%3D%27http%3A%2F%2Fwww.w3.org%2F2000%2Fsvg%27%20width%3D%271270%27%20height%3D%271270%27%20viewBox%3D%270%200%201270%201270%27%3E%3Crect%20width%3D%271270%27%20height%3D%271270%27%20fill-opacity%3D%220%22%2F%3E%3C%2Fsvg%3E\" data-srcset=\"https:\/\/gparrots.com\/wp-content\/uploads\/2025\/09\/34edd-12x12.webp 12w, https:\/\/gparrots.com\/wp-content\/uploads\/2025\/09\/34edd-66x66.webp 66w, https:\/\/gparrots.com\/wp-content\/uploads\/2025\/09\/34edd-200x200.webp 200w, https:\/\/gparrots.com\/wp-content\/uploads\/2025\/09\/34edd-400x400.webp 400w, https:\/\/gparrots.com\/wp-content\/uploads\/2025\/09\/34edd-600x600.webp 600w, https:\/\/gparrots.com\/wp-content\/uploads\/2025\/09\/34edd-768x768.webp 768w, https:\/\/gparrots.com\/wp-content\/uploads\/2025\/09\/34edd-800x800.webp 800w, https:\/\/gparrots.com\/wp-content\/uploads\/2025\/09\/34edd-1200x1200.webp 1200w, https:\/\/gparrots.com\/wp-content\/uploads\/2025\/09\/34edd.webp 1270w\" data-sizes=\"auto\" data-orig-sizes=\"(max-width: 640px) 100vw, 400px\" \/><\/span><\/div><\/div><\/div><div class=\"fusion-layout-column fusion_builder_column fusion-builder-column-4 fusion_builder_column_1_4 1_4 fusion-flex-column\" style=\"--awb-bg-size:cover;--awb-width-large:25%;--awb-margin-top-large:0px;--awb-margin-bottom-large:0px;--awb-spacing-left-large:-45px;--awb-width-medium:25%;--awb-order-medium:0;--awb-spacing-left-medium:-45px;--awb-width-small:50%;--awb-order-small:2;--awb-spacing-left-small:-45px;\" data-scroll-devices=\"small-visibility,medium-visibility,large-visibility\"><div class=\"fusion-column-wrapper fusion-column-has-shadow fusion-flex-justify-content-flex-start fusion-content-layout-column\"><div class=\"fusion-image-element\" style=\"--awb-caption-title-font-family:var(--h2_typography-font-family);--awb-caption-title-font-weight:var(--h2_typography-font-weight);--awb-caption-title-font-style:var(--h2_typography-font-style);--awb-caption-title-size:var(--h2_typography-font-size);--awb-caption-title-transform:var(--h2_typography-text-transform);--awb-caption-title-line-height:var(--h2_typography-line-height);--awb-caption-title-letter-spacing:var(--h2_typography-letter-spacing);\"><span class=\"fusion-imageframe imageframe-none imageframe-4 hover-type-none\" style=\"border:23px solid #5895e4;border-radius:12px;z-index:99;\"><img decoding=\"async\" width=\"1270\" height=\"1270\" title=\"g7u\" src=\"https:\/\/gparrots.com\/wp-content\/uploads\/2025\/09\/g7u.webp\" data-orig-src=\"http:\/\/gparrots.com\/wp-content\/uploads\/2025\/09\/g7u.webp\" alt class=\"lazyload img-responsive wp-image-5402\" srcset=\"data:image\/svg+xml,%3Csvg%20xmlns%3D%27http%3A%2F%2Fwww.w3.org%2F2000%2Fsvg%27%20width%3D%271270%27%20height%3D%271270%27%20viewBox%3D%270%200%201270%201270%27%3E%3Crect%20width%3D%271270%27%20height%3D%271270%27%20fill-opacity%3D%220%22%2F%3E%3C%2Fsvg%3E\" data-srcset=\"https:\/\/gparrots.com\/wp-content\/uploads\/2025\/09\/g7u-12x12.webp 12w, https:\/\/gparrots.com\/wp-content\/uploads\/2025\/09\/g7u-66x66.webp 66w, https:\/\/gparrots.com\/wp-content\/uploads\/2025\/09\/g7u-200x200.webp 200w, https:\/\/gparrots.com\/wp-content\/uploads\/2025\/09\/g7u-400x400.webp 400w, https:\/\/gparrots.com\/wp-content\/uploads\/2025\/09\/g7u-600x600.webp 600w, https:\/\/gparrots.com\/wp-content\/uploads\/2025\/09\/g7u-768x768.webp 768w, https:\/\/gparrots.com\/wp-content\/uploads\/2025\/09\/g7u-800x800.webp 800w, https:\/\/gparrots.com\/wp-content\/uploads\/2025\/09\/g7u-1200x1200.webp 1200w, https:\/\/gparrots.com\/wp-content\/uploads\/2025\/09\/g7u.webp 1270w\" data-sizes=\"auto\" data-orig-sizes=\"(max-width: 640px) 100vw, 400px\" \/><\/span><\/div><\/div><\/div><\/div><\/div><div class=\"fusion-fullwidth fullwidth-box fusion-builder-row-3 fusion-flex-container has-pattern-background has-mask-background nonhundred-percent-fullwidth non-hundred-percent-height-scrolling\" style=\"--awb-border-radius-top-left:0px;--awb-border-radius-top-right:0px;--awb-border-radius-bottom-right:0px;--awb-border-radius-bottom-left:0px;--awb-padding-top:50px;--awb-padding-bottom:100px;--awb-padding-top-medium:40px;--awb-padding-bottom-medium:48px;--awb-padding-top-small:0px;--awb-padding-bottom-small:20px;--awb-flex-wrap:wrap;\" ><div class=\"fusion-builder-row fusion-row fusion-flex-align-items-flex-start fusion-flex-justify-content-center fusion-flex-content-wrap\" style=\"max-width:calc( 1240px + );margin-left: calc(- \/ 2 );margin-right: calc(- \/ 2 );\"><div class=\"fusion-layout-column fusion_builder_column fusion-builder-column-5 fusion_builder_column_4_5 4_5 fusion-flex-column\" style=\"--awb-bg-size:cover;--awb-width-large:80%;--awb-margin-top-large:0px;--awb-margin-bottom-large:0px;--awb-width-medium:66.666666666667%;--awb-order-medium:0;--awb-width-small:100%;--awb-order-small:0;\"><div class=\"fusion-column-wrapper fusion-column-has-shadow fusion-flex-justify-content-flex-start fusion-content-layout-column\"><div class=\"fusion-title title fusion-title-2 fusion-sep-none fusion-title-center fusion-title-text fusion-title-size-three\" style=\"--awb-text-color:#000000;--awb-font-size:48px;\"><h3 class=\"fusion-title-heading title-heading-center\" style=\"font-family:&quot;Instrument Sans&quot;;font-style:normal;font-weight:600;margin:0;font-size:1em;\">Por qu\u00e9 debes elegirnos<\/h3><\/div><div class=\"fusion-text fusion-text-2\" style=\"--awb-content-alignment:center;\"><p><strong>Gray Parrots<\/strong> brinda soluciones tecnol\u00f3gicas integrales para empresas que buscan eficiencia, seguridad y crecimiento. Ofrecemos infraestructura IT certificada, soporte t\u00e9cnico especializado, redes y telecomunicaciones avanzadas, sistemas de seguridad f\u00edsica y digital, automatizaci\u00f3n inteligente y consultor\u00eda estrat\u00e9gica. Nuestro objetivo es optimizar procesos, proteger la informaci\u00f3n y preparar a cada organizaci\u00f3n para los desaf\u00edos del futuro.<\/p>\n<\/div><\/div><\/div><\/div><\/div><div class=\"fusion-fullwidth fullwidth-box fusion-builder-row-4 fusion-flex-container has-pattern-background has-mask-background nonhundred-percent-fullwidth non-hundred-percent-height-scrolling\" style=\"--awb-border-radius-top-left:0px;--awb-border-radius-top-right:0px;--awb-border-radius-bottom-right:0px;--awb-border-radius-bottom-left:0px;--awb-padding-bottom:100px;--awb-flex-wrap:wrap;\" ><div class=\"fusion-builder-row fusion-row fusion-flex-align-items-flex-start fusion-flex-content-wrap\" style=\"max-width:calc( 1240px + );margin-left: calc(- \/ 2 );margin-right: calc(- \/ 2 );\"><div class=\"fusion-layout-column fusion_builder_column fusion-builder-column-6 fusion_builder_column_1_2 1_2 fusion-flex-column\" style=\"--awb-bg-size:cover;--awb-width-large:50%;--awb-margin-top-large:0px;--awb-margin-bottom-large:0px;--awb-width-medium:50%;--awb-order-medium:0;--awb-width-small:100%;--awb-order-small:0;\"><div class=\"fusion-column-wrapper fusion-column-has-shadow fusion-flex-justify-content-flex-start fusion-content-layout-column\"><div class=\"fusion-title title fusion-title-3 fusion-sep-none fusion-title-text fusion-title-size-four\" style=\"--awb-text-color:#27519c;--awb-font-size:32px;\"><h4 class=\"fusion-title-heading title-heading-left\" style=\"font-family:&quot;Instrument Sans&quot;;font-style:normal;font-weight:600;margin:0;font-size:1em;\">Mision<\/h4><\/div><div class=\"fusion-text fusion-text-3\"><p data-start=\"116\" data-end=\"336\">Brindar soluciones tecnol\u00f3gicas integrales en infraestructura IT, soporte, telecomunicaciones, seguridad y automatizaci\u00f3n inteligente que impulsen a las empresas a operar con eficiencia, seguridad y proyecci\u00f3n de futuro.<\/p>\n<\/div><div class=\"fusion-title title fusion-title-4 fusion-sep-none fusion-title-text fusion-title-size-four\" style=\"--awb-text-color:#27519c;--awb-font-size:32px;\"><h4 class=\"fusion-title-heading title-heading-left\" style=\"font-family:&quot;Instrument Sans&quot;;font-style:normal;font-weight:600;margin:0;font-size:1em;\">Visi\u00f3n<\/h4><\/div><div class=\"fusion-text fusion-text-4\"><p data-start=\"360\" data-end=\"576\">Ser la empresa de referencia en el Caribe y Latinoam\u00e9rica en innovaci\u00f3n tecnol\u00f3gica, reconocida por ofrecer servicios confiables que transformen la manera en que las organizaciones crecen, se comunican y se protegen.<\/p>\n<\/div><div class=\"fusion-title title fusion-title-5 fusion-sep-none fusion-title-text fusion-title-size-four\" style=\"--awb-text-color:#27519c;--awb-font-size:32px;\"><h4 class=\"fusion-title-heading title-heading-left\" style=\"font-family:&quot;Instrument Sans&quot;;font-style:normal;font-weight:600;margin:0;font-size:1em;\">Mision<\/h4><\/div><div class=\"fusion-text fusion-text-5\"><ul>\n<li data-start=\"601\" data-end=\"713\">\n<p data-start=\"603\" data-end=\"713\"><strong data-start=\"603\" data-end=\"618\">Innovaci\u00f3n:<\/strong> Buscamos constantemente nuevas tecnolog\u00edas para optimizar los procesos de nuestros clientes.<\/p>\n<\/li>\n<li data-start=\"714\" data-end=\"805\">\n<p data-start=\"716\" data-end=\"805\"><strong data-start=\"716\" data-end=\"731\">Compromiso:<\/strong> Acompa\u00f1amos a cada empresa con responsabilidad y enfoque en resultados.<\/p>\n<\/li>\n<li data-start=\"806\" data-end=\"894\">\n<p data-start=\"808\" data-end=\"894\"><strong data-start=\"808\" data-end=\"822\">Confianza:<\/strong> Actuamos con transparencia, generando relaciones s\u00f3lidas y duraderas.<\/p>\n<\/li>\n<li data-start=\"895\" data-end=\"985\">\n<p data-start=\"897\" data-end=\"985\"><strong data-start=\"897\" data-end=\"909\">Calidad:<\/strong> Garantizamos altos est\u00e1ndares en cada servicio y proyecto que realizamos.<\/p>\n<\/li>\n<li data-start=\"986\" data-end=\"1098\">\n<p data-start=\"988\" data-end=\"1098\"><strong data-start=\"988\" data-end=\"1002\">Seguridad:<\/strong> Protegemos la informaci\u00f3n y los recursos f\u00edsicos de nuestros clientes como si fueran propios.<\/p>\n<\/li>\n<\/ul>\n<\/div><\/div><\/div><div class=\"fusion-layout-column fusion_builder_column fusion-builder-column-7 fusion_builder_column_1_2 1_2 fusion-flex-column\" style=\"--awb-bg-size:cover;--awb-width-large:50%;--awb-margin-top-large:0px;--awb-margin-bottom-large:0px;--awb-width-medium:50%;--awb-order-medium:0;--awb-width-small:100%;--awb-order-small:0;\" data-scroll-devices=\"small-visibility,medium-visibility,large-visibility\"><div class=\"fusion-column-wrapper fusion-column-has-shadow fusion-flex-justify-content-flex-start fusion-content-layout-column\"><div class=\"fusion-image-element\" style=\"--awb-caption-title-font-family:var(--h2_typography-font-family);--awb-caption-title-font-weight:var(--h2_typography-font-weight);--awb-caption-title-font-style:var(--h2_typography-font-style);--awb-caption-title-size:var(--h2_typography-font-size);--awb-caption-title-transform:var(--h2_typography-text-transform);--awb-caption-title-line-height:var(--h2_typography-line-height);--awb-caption-title-letter-spacing:var(--h2_typography-letter-spacing);\"><span class=\"fusion-imageframe imageframe-none imageframe-5 hover-type-none\" style=\"border-radius:12px;\"><img decoding=\"async\" width=\"662\" height=\"1000\" title=\"6387510\" src=\"https:\/\/gparrots.com\/wp-content\/uploads\/2025\/09\/6387510.webp\" data-orig-src=\"http:\/\/gparrots.com\/wp-content\/uploads\/2025\/09\/6387510.webp\" alt class=\"lazyload img-responsive wp-image-5418\" srcset=\"data:image\/svg+xml,%3Csvg%20xmlns%3D%27http%3A%2F%2Fwww.w3.org%2F2000%2Fsvg%27%20width%3D%27662%27%20height%3D%271000%27%20viewBox%3D%270%200%20662%201000%27%3E%3Crect%20width%3D%27662%27%20height%3D%271000%27%20fill-opacity%3D%220%22%2F%3E%3C%2Fsvg%3E\" data-srcset=\"https:\/\/gparrots.com\/wp-content\/uploads\/2025\/09\/6387510-8x12.webp 8w, https:\/\/gparrots.com\/wp-content\/uploads\/2025\/09\/6387510-200x302.webp 200w, https:\/\/gparrots.com\/wp-content\/uploads\/2025\/09\/6387510-400x604.webp 400w, https:\/\/gparrots.com\/wp-content\/uploads\/2025\/09\/6387510-600x906.webp 600w, https:\/\/gparrots.com\/wp-content\/uploads\/2025\/09\/6387510.webp 662w\" data-sizes=\"auto\" data-orig-sizes=\"(max-width: 640px) 100vw, 662px\" \/><\/span><\/div><\/div><\/div><\/div><\/div><\/p>","protected":false},"excerpt":{"rendered":"","protected":false},"author":1,"featured_media":0,"parent":0,"menu_order":0,"comment_status":"closed","ping_status":"closed","template":"100-width.php","meta":{"footnotes":""},"class_list":["post-42","page","type-page","status-publish","hentry"],"_links":{"self":[{"href":"https:\/\/gparrots.com\/en\/wp-json\/wp\/v2\/pages\/42","targetHints":{"allow":["GET"]}}],"collection":[{"href":"https:\/\/gparrots.com\/en\/wp-json\/wp\/v2\/pages"}],"about":[{"href":"https:\/\/gparrots.com\/en\/wp-json\/wp\/v2\/types\/page"}],"author":[{"embeddable":true,"href":"https:\/\/gparrots.com\/en\/wp-json\/wp\/v2\/users\/1"}],"replies":[{"embeddable":true,"href":"https:\/\/gparrots.com\/en\/wp-json\/wp\/v2\/comments?post=42"}],"version-history":[{"count":27,"href":"https:\/\/gparrots.com\/en\/wp-json\/wp\/v2\/pages\/42\/revisions"}],"predecessor-version":[{"id":5423,"href":"https:\/\/gparrots.com\/en\/wp-json\/wp\/v2\/pages\/42\/revisions\/5423"}],"wp:attachment":[{"href":"https:\/\/gparrots.com\/en\/wp-json\/wp\/v2\/media?parent=42"}],"curies":[{"name":"wp","href":"https:\/\/api.w.org\/{rel}","templated":true}]}}